{"id":6457,"date":"2018-03-19T15:58:04","date_gmt":"2018-03-19T15:58:04","guid":{"rendered":"https:\/\/newyearwheels.masclientes2.com\/?page_id=6457"},"modified":"2021-09-08T17:22:01","modified_gmt":"2021-09-08T17:22:01","slug":"aire-acondicionado","status":"publish","type":"page","link":"https:\/\/newyearswheelsandrims.com\/es\/aire-acondicionado\/","title":{"rendered":"Aire Acondicionado"},"content":{"rendered":"[vc_row type=\u00bbin_container\u00bb full_screen_row_position=\u00bbmiddle\u00bb scene_position=\u00bbcenter\u00bb text_color=\u00bbdark\u00bb text_align=\u00bbleft\u00bb bottom_padding=\u00bb3%\u00bb overlay_strength=\u00bb0.3&#8243; shape_divider_position=\u00bbbottom\u00bb][vc_column centered_text=\u00bbtrue\u00bb column_padding=\u00bbno-extra-padding\u00bb column_padding_position=\u00bball\u00bb background_color_opacity=\u00bb1&#8243; background_hover_color_opacity=\u00bb1&#8243; column_shadow=\u00bbnone\u00bb column_border_radius=\u00bbnone\u00bb top_margin=\u00bb5%\u00bb bottom_margin=\u00bb5%\u00bb width=\u00bb1\/1&#8243; tablet_text_alignment=\u00bbdefault\u00bb phone_text_alignment=\u00bbdefault\u00bb column_border_width=\u00bbnone\u00bb column_border_style=\u00bbsolid\u00bb][vc_column_text]\n<h1>Reparaci\u00f3n y mantenimiento del aire acondicionado del autom\u00f3vil.<\/h1>\n[\/vc_column_text][\/vc_column][\/vc_row][vc_row type=\u00bbfull_width_background\u00bb full_screen_row_position=\u00bbmiddle\u00bb bg_color=\u00bb#ffffff\u00bb scene_position=\u00bbcenter\u00bb text_color=\u00bbdark\u00bb text_align=\u00bbleft\u00bb top_padding=\u00bb5%\u00bb bottom_padding=\u00bb5%\u00bb overlay_strength=\u00bb0.3&#8243; shape_divider_position=\u00bbbottom\u00bb][vc_column column_padding=\u00bbno-extra-padding\u00bb column_padding_position=\u00bball\u00bb background_color_opacity=\u00bb1&#8243; background_hover_color_opacity=\u00bb1&#8243; column_shadow=\u00bbnone\u00bb column_border_radius=\u00bbnone\u00bb width=\u00bb1\/1&#8243; tablet_text_alignment=\u00bbdefault\u00bb phone_text_alignment=\u00bbdefault\u00bb column_border_width=\u00bbnone\u00bb column_border_style=\u00bbsolid\u00bb][vc_row_inner column_margin=\u00bbdefault\u00bb text_align=\u00bbleft\u00bb][vc_column_inner column_padding=\u00bbno-extra-padding\u00bb column_padding_position=\u00bball\u00bb centered_text=\u00bbtrue\u00bb background_color_opacity=\u00bb1&#8243; background_hover_color_opacity=\u00bb1&#8243; column_shadow=\u00bbnone\u00bb column_border_radius=\u00bbnone\u00bb width=\u00bb1\/1&#8243; column_border_width=\u00bbnone\u00bb column_border_style=\u00bbsolid\u00bb][vc_column_text]\n<h4>\u00a1New Year Wheels no lo dejar\u00e1 varado en la \u00e9poca de calor! Nuestros expertos en reparaci\u00f3n de aire acondicionado est\u00e1n aqu\u00ed para ayudarlo.<\/h4>\n[\/vc_column_text][\/vc_column_inner][\/vc_row_inner][divider line_type=\u00bbNo Line\u00bb custom_height=\u00bb40&#8243;][vc_row_inner column_margin=\u00bbdefault\u00bb text_align=\u00bbleft\u00bb el_id=\u00bbpowder-coating\u00bb][vc_column_inner column_padding=\u00bbno-extra-padding\u00bb column_padding_position=\u00bball\u00bb background_color_opacity=\u00bb1&#8243; background_hover_color_opacity=\u00bb1&#8243; column_shadow=\u00bbnone\u00bb column_border_radius=\u00bbnone\u00bb width=\u00bb1\/2&#8243; column_border_width=\u00bbnone\u00bb column_border_style=\u00bbsolid\u00bb][vc_column_text]\n<h4>Reparaci\u00f3n de aire acondicionado para autos.<\/h4>\n<p>En el sur de California, nada puede arruinar m\u00e1s la experiencia de conducir que un sistema de aire acondicionado descompuesto.<br \/>\nNo solo eso, sino que un aire acondicionado con fugas puede causar m\u00e1s da\u00f1o de lo que piensa. Si no se controla, el refrigerante que se escapa del aire acondicionado puede causar serios da\u00f1os a su auto y al medio ambiente. Solucionarlo el problema ahora puede ahorrarle tiempo y dinero en el futuro.[\/vc_column_text][divider line_type=\u00bbNo Line\u00bb custom_height=\u00bb40&#8243;]<div class=\"nectar-fancy-ul\" data-list-icon=\"fa fa-wrench\" data-animation=\"false\" data-animation-delay=\"0\" data-color=\"accent-color\" data-spacing=\"default\" data-alignment=\"left\"> \n<h4>nspecciones del aire acondicionado realizadas por New Year Wheels:<\/h4>\n<ul>\n<li>Los t\u00e9cnicos expertos inspeccionar\u00e1n su veh\u00edculo utilizando una amplia variedad de herramientas y dispositivos dise\u00f1ados para esta tarea.<\/li>\n<li>Si no hay fugas ni da\u00f1os, recargaremos el sistema con la cantidad adecuada de refrigerante.<\/li>\n<li>Si se descubre alguna fuga, grieta u otros da\u00f1os en cualquiera de los componentes del sistema de aire acondicionado, le daremos nuestras recomendaciones sobre lo que tiene que hacer.<\/li>\n<\/ul>\n <\/div>[\/vc_column_inner][vc_column_inner column_padding=\u00bbno-extra-padding\u00bb column_padding_position=\u00bball\u00bb background_color_opacity=\u00bb1&#8243; background_hover_color_opacity=\u00bb1&#8243; column_shadow=\u00bbnone\u00bb column_border_radius=\u00bbnone\u00bb width=\u00bb1\/2&#8243; column_border_width=\u00bbnone\u00bb column_border_style=\u00bbsolid\u00bb][divider line_type=\u00bbNo Line\u00bb custom_height=\u00bb45&#8243;][image_with_animation image_url=\u00bb6446&#8243; alignment=\u00bb\u00bb animation=\u00bbFade In\u00bb border_radius=\u00bbnone\u00bb box_shadow=\u00bbnone\u00bb max_width=\u00bb100%\u00bb][\/vc_column_inner][\/vc_row_inner][\/vc_column][\/vc_row][vc_row type=\u00bbin_container\u00bb full_screen_row_position=\u00bbmiddle\u00bb scene_position=\u00bbcenter\u00bb text_color=\u00bbdark\u00bb text_align=\u00bbleft\u00bb top_padding=\u00bb5%\u00bb bottom_padding=\u00bb5%\u00bb overlay_strength=\u00bb0.3&#8243; shape_divider_position=\u00bbbottom\u00bb][vc_column centered_text=\u00bbtrue\u00bb column_padding=\u00bbno-extra-padding\u00bb column_padding_position=\u00bball\u00bb background_color_opacity=\u00bb1&#8243; background_hover_color_opacity=\u00bb1&#8243; column_shadow=\u00bbnone\u00bb column_border_radius=\u00bbnone\u00bb width=\u00bb1\/1&#8243; tablet_text_alignment=\u00bbdefault\u00bb phone_text_alignment=\u00bbdefault\u00bb column_border_width=\u00bbnone\u00bb column_border_style=\u00bbsolid\u00bb][vc_column_text]\n<h4>\u00bfTiene un problema con el aire acondicionado de su auto?<\/h4>\n[\/vc_column_text][divider line_type=\u00bbNo Line\u00bb][vc_column_text]<a class=\"nectar-button n-sc-button large accent-color has-icon regular-button\"  href=\"tel:855-997-1425\" data-color-override=\"false\" data-hover-color-override=\"false\" data-hover-text-color-override=\"#fff\"><span>Ll\u00e1menos hoy<\/span><i class=\"fa fa-phone\"><\/i><\/a>[\/vc_column_text][\/vc_column][\/vc_row]\n","protected":false},"excerpt":{"rendered":"<p>[vc_row type=\u00bbin_container\u00bb full_screen_row_position=\u00bbmiddle\u00bb scene_position=\u00bbcenter\u00bb text_color=\u00bbdark\u00bb text_align=\u00bbleft\u00bb bottom_padding=\u00bb3%\u00bb overlay_strength=\u00bb0.3&#8243; shape_divider_position=\u00bbbottom\u00bb][vc_column centered_text=\u00bbtrue\u00bb column_padding=\u00bbno-extra-padding\u00bb column_padding_position=\u00bball\u00bb background_color_opacity=\u00bb1&#8243; background_hover_color_opacity=\u00bb1&#8243; column_shadow=\u00bbnone\u00bb column_border_radius=\u00bbnone\u00bb top_margin=\u00bb5%\u00bb bottom_margin=\u00bb5%\u00bb width=\u00bb1\/1&#8243; tablet_text_alignment=\u00bbdefault\u00bb phone_text_alignment=\u00bbdefault\u00bb column_border_width=\u00bbnone\u00bb column_border_style=\u00bbsolid\u00bb][vc_column_text] Reparaci\u00f3n y mantenimiento del aire acondicionado del&#8230;<\/p>\n","protected":false},"author":19,"featured_media":0,"parent":0,"menu_order":0,"comment_status":"closed","ping_status":"closed","template":"","meta":{"footnotes":""},"yoast_head":"<!-- This site is optimized with the Yoast SEO plugin v24.5 - https:\/\/yoast.com\/wordpress\/plugins\/seo\/ -->\n<title>Aire Acondicionado - New Year Wheels<\/title>\n<meta name=\"robots\" content=\"index, follow, max-snippet:-1, max-image-preview:large, max-video-preview:-1\" \/>\n<link rel=\"canonical\" href=\"https:\/\/newyearswheelsandrims.com\/es\/aire-acondicionado\/\" \/>\n<meta property=\"og:locale\" content=\"es_ES\" \/>\n<meta property=\"og:type\" content=\"article\" \/>\n<meta property=\"og:title\" content=\"Aire Acondicionado - New Year Wheels\" \/>\n<meta property=\"og:description\" content=\"[vc_row type=\u00bbin_container\u00bb full_screen_row_position=\u00bbmiddle\u00bb scene_position=\u00bbcenter\u00bb text_color=\u00bbdark\u00bb text_align=\u00bbleft\u00bb bottom_padding=\u00bb3%\u00bb overlay_strength=\u00bb0.3&#8243; shape_divider_position=\u00bbbottom\u00bb][vc_column centered_text=\u00bbtrue\u00bb column_padding=\u00bbno-extra-padding\u00bb column_padding_position=\u00bball\u00bb background_color_opacity=\u00bb1&#8243; background_hover_color_opacity=\u00bb1&#8243; column_shadow=\u00bbnone\u00bb column_border_radius=\u00bbnone\u00bb top_margin=\u00bb5%\u00bb bottom_margin=\u00bb5%\u00bb width=\u00bb1\/1&#8243; tablet_text_alignment=\u00bbdefault\u00bb phone_text_alignment=\u00bbdefault\u00bb column_border_width=\u00bbnone\u00bb column_border_style=\u00bbsolid\u00bb][vc_column_text] Reparaci\u00f3n y mantenimiento del aire acondicionado del...\" \/>\n<meta property=\"og:url\" content=\"https:\/\/newyearswheelsandrims.com\/es\/aire-acondicionado\/\" \/>\n<meta property=\"og:site_name\" content=\"New Year Wheels\" \/>\n<meta property=\"article:modified_time\" content=\"2021-09-08T17:22:01+00:00\" \/>\n<meta name=\"twitter:card\" content=\"summary_large_image\" \/>\n<meta name=\"twitter:label1\" content=\"Tiempo de lectura\" \/>\n\t<meta name=\"twitter:data1\" content=\"3 minutos\" \/>\n<script type=\"application\/ld+json\" class=\"yoast-schema-graph\">{\"@context\":\"https:\/\/schema.org\",\"@graph\":[{\"@type\":\"WebPage\",\"@id\":\"https:\/\/newyearswheelsandrims.com\/es\/aire-acondicionado\/\",\"url\":\"https:\/\/newyearswheelsandrims.com\/es\/aire-acondicionado\/\",\"name\":\"Aire Acondicionado - New Year Wheels\",\"isPartOf\":{\"@id\":\"https:\/\/newyearswheelsandrims.com\/es\/#website\"},\"datePublished\":\"2018-03-19T15:58:04+00:00\",\"dateModified\":\"2021-09-08T17:22:01+00:00\",\"breadcrumb\":{\"@id\":\"https:\/\/newyearswheelsandrims.com\/es\/aire-acondicionado\/#breadcrumb\"},\"inLanguage\":\"es\",\"potentialAction\":[{\"@type\":\"ReadAction\",\"target\":[\"https:\/\/newyearswheelsandrims.com\/es\/aire-acondicionado\/\"]}]},{\"@type\":\"BreadcrumbList\",\"@id\":\"https:\/\/newyearswheelsandrims.com\/es\/aire-acondicionado\/#breadcrumb\",\"itemListElement\":[{\"@type\":\"ListItem\",\"position\":1,\"name\":\"Home\",\"item\":\"https:\/\/newyearswheelsandrims.com\/es\/\"},{\"@type\":\"ListItem\",\"position\":2,\"name\":\"Aire Acondicionado\"}]},{\"@type\":\"WebSite\",\"@id\":\"https:\/\/newyearswheelsandrims.com\/es\/#website\",\"url\":\"https:\/\/newyearswheelsandrims.com\/es\/\",\"name\":\"New Year Wheels\",\"description\":\"Just another Mas Clientes Bilingual site\",\"potentialAction\":[{\"@type\":\"SearchAction\",\"target\":{\"@type\":\"EntryPoint\",\"urlTemplate\":\"https:\/\/newyearswheelsandrims.com\/es\/?s={search_term_string}\"},\"query-input\":{\"@type\":\"PropertyValueSpecification\",\"valueRequired\":true,\"valueName\":\"search_term_string\"}}],\"inLanguage\":\"es\"}]}<\/script>\n<!-- \/ Yoast SEO plugin. -->","yoast_head_json":{"title":"Aire Acondicionado - New Year Wheels","robots":{"index":"index","follow":"follow","max-snippet":"max-snippet:-1","max-image-preview":"max-image-preview:large","max-video-preview":"max-video-preview:-1"},"canonical":"https:\/\/newyearswheelsandrims.com\/es\/aire-acondicionado\/","og_locale":"es_ES","og_type":"article","og_title":"Aire Acondicionado - New Year Wheels","og_description":"[vc_row type=\u00bbin_container\u00bb full_screen_row_position=\u00bbmiddle\u00bb scene_position=\u00bbcenter\u00bb text_color=\u00bbdark\u00bb text_align=\u00bbleft\u00bb bottom_padding=\u00bb3%\u00bb overlay_strength=\u00bb0.3&#8243; shape_divider_position=\u00bbbottom\u00bb][vc_column centered_text=\u00bbtrue\u00bb column_padding=\u00bbno-extra-padding\u00bb column_padding_position=\u00bball\u00bb background_color_opacity=\u00bb1&#8243; background_hover_color_opacity=\u00bb1&#8243; column_shadow=\u00bbnone\u00bb column_border_radius=\u00bbnone\u00bb top_margin=\u00bb5%\u00bb bottom_margin=\u00bb5%\u00bb width=\u00bb1\/1&#8243; tablet_text_alignment=\u00bbdefault\u00bb phone_text_alignment=\u00bbdefault\u00bb column_border_width=\u00bbnone\u00bb column_border_style=\u00bbsolid\u00bb][vc_column_text] Reparaci\u00f3n y mantenimiento del aire acondicionado del...","og_url":"https:\/\/newyearswheelsandrims.com\/es\/aire-acondicionado\/","og_site_name":"New Year Wheels","article_modified_time":"2021-09-08T17:22:01+00:00","twitter_card":"summary_large_image","twitter_misc":{"Tiempo de lectura":"3 minutos"},"schema":{"@context":"https:\/\/schema.org","@graph":[{"@type":"WebPage","@id":"https:\/\/newyearswheelsandrims.com\/es\/aire-acondicionado\/","url":"https:\/\/newyearswheelsandrims.com\/es\/aire-acondicionado\/","name":"Aire Acondicionado - New Year Wheels","isPartOf":{"@id":"https:\/\/newyearswheelsandrims.com\/es\/#website"},"datePublished":"2018-03-19T15:58:04+00:00","dateModified":"2021-09-08T17:22:01+00:00","breadcrumb":{"@id":"https:\/\/newyearswheelsandrims.com\/es\/aire-acondicionado\/#breadcrumb"},"inLanguage":"es","potentialAction":[{"@type":"ReadAction","target":["https:\/\/newyearswheelsandrims.com\/es\/aire-acondicionado\/"]}]},{"@type":"BreadcrumbList","@id":"https:\/\/newyearswheelsandrims.com\/es\/aire-acondicionado\/#breadcrumb","itemListElement":[{"@type":"ListItem","position":1,"name":"Home","item":"https:\/\/newyearswheelsandrims.com\/es\/"},{"@type":"ListItem","position":2,"name":"Aire Acondicionado"}]},{"@type":"WebSite","@id":"https:\/\/newyearswheelsandrims.com\/es\/#website","url":"https:\/\/newyearswheelsandrims.com\/es\/","name":"New Year Wheels","description":"Just another Mas Clientes Bilingual site","potentialAction":[{"@type":"SearchAction","target":{"@type":"EntryPoint","urlTemplate":"https:\/\/newyearswheelsandrims.com\/es\/?s={search_term_string}"},"query-input":{"@type":"PropertyValueSpecification","valueRequired":true,"valueName":"search_term_string"}}],"inLanguage":"es"}]}},"_links":{"self":[{"href":"https:\/\/newyearswheelsandrims.com\/es\/wp-json\/wp\/v2\/pages\/6457"}],"collection":[{"href":"https:\/\/newyearswheelsandrims.com\/es\/wp-json\/wp\/v2\/pages"}],"about":[{"href":"https:\/\/newyearswheelsandrims.com\/es\/wp-json\/wp\/v2\/types\/page"}],"author":[{"embeddable":true,"href":"https:\/\/newyearswheelsandrims.com\/es\/wp-json\/wp\/v2\/users\/19"}],"replies":[{"embeddable":true,"href":"https:\/\/newyearswheelsandrims.com\/es\/wp-json\/wp\/v2\/comments?post=6457"}],"version-history":[{"count":0,"href":"https:\/\/newyearswheelsandrims.com\/es\/wp-json\/wp\/v2\/pages\/6457\/revisions"}],"wp:attachment":[{"href":"https:\/\/newyearswheelsandrims.com\/es\/wp-json\/wp\/v2\/media?parent=6457"}],"curies":[{"name":"wp","href":"https:\/\/api.w.org\/{rel}","templated":true}]}}